{"id":1823,"date":"2022-08-18T10:08:05","date_gmt":"2022-08-18T14:08:05","guid":{"rendered":"https:\/\/pulsoastral.com\/pt\/?page_id=1823"},"modified":"2025-05-27T17:57:55","modified_gmt":"2025-05-27T21:57:55","slug":"quais-dados-sao-usados-para-criar-o-mapa-estelar","status":"publish","type":"page","link":"https:\/\/pulsoastral.com\/pt\/quais-dados-sao-usados-para-criar-o-mapa-estelar\/","title":{"rendered":"Quais dados s\u00e3o usados \u200b\u200bpara criar o mapa estelar?"},"content":{"rendered":"\t\t<div data-elementor-type=\"wp-page\" data-elementor-id=\"1823\" class=\"elementor elementor-1823\" data-elementor-post-type=\"page\">\n\t\t\t\t\t\t<section class=\"elementor-section elementor-top-section elementor-element elementor-element-ee6c646 elementor-section-full_width elementor-section-height-min-height elementor-section-content-top elementor-section-stretched elementor-section-height-default elementor-section-items-middle\" data-id=\"ee6c646\" data-element_type=\"section\" data-e-type=\"section\" data-settings=\"{&quot;stretch_section&quot;:&quot;section-stretched&quot;,&quot;background_background&quot;:&quot;classic&quot;}\">\n\t\t\t\t\t\t\t<div class=\"elementor-background-overlay\"><\/div>\n\t\t\t\t\t\t\t<div class=\"elementor-container elementor-column-gap-default\">\n\t\t\t\t\t<div class=\"elementor-column elementor-col-50 elementor-top-column elementor-element elementor-element-e384dc9\" data-id=\"e384dc9\" data-element_type=\"column\" data-e-type=\"column\">\n\t\t\t<div class=\"elementor-widget-wrap elementor-element-populated\">\n\t\t\t\t\t\t<div class=\"elementor-element elementor-element-262b513 e-transform elementor-invisible elementor-widget elementor-widget-theme-post-featured-image elementor-widget-image\" data-id=\"262b513\" data-element_type=\"widget\" data-e-type=\"widget\" data-settings=\"{&quot;motion_fx_motion_fx_mouse&quot;:&quot;yes&quot;,&quot;motion_fx_mouseTrack_effect&quot;:&quot;yes&quot;,&quot;_animation&quot;:&quot;bounceIn&quot;,&quot;_transform_rotateZ_effect&quot;:{&quot;unit&quot;:&quot;px&quot;,&quot;size&quot;:-12,&quot;sizes&quot;:[]},&quot;motion_fx_mouseTrack_speed&quot;:{&quot;unit&quot;:&quot;px&quot;,&quot;size&quot;:1,&quot;sizes&quot;:[]},&quot;_transform_rotateZ_effect_tablet&quot;:{&quot;unit&quot;:&quot;deg&quot;,&quot;size&quot;:&quot;&quot;,&quot;sizes&quot;:[]},&quot;_transform_rotateZ_effect_mobile&quot;:{&quot;unit&quot;:&quot;deg&quot;,&quot;size&quot;:&quot;&quot;,&quot;sizes&quot;:[]}}\" data-widget_type=\"theme-post-featured-image.default\">\n\t\t\t\t<div class=\"elementor-widget-container\">\n\t\t\t\t\t\t\t\t\t\t\t\t\t\t\t<img fetchpriority=\"high\" decoding=\"async\" width=\"228\" height=\"300\" src=\"https:\/\/pulsoastral.com\/pt\/wp-content\/uploads\/2022\/08\/hipparcos-228x300.webp\" class=\"attachment-medium size-medium wp-image-1560\" alt=\"Sat\u00e9lite Hipparcos\" srcset=\"https:\/\/pulsoastral.com\/pt\/wp-content\/uploads\/2022\/08\/hipparcos-228x300.webp 228w, https:\/\/pulsoastral.com\/pt\/wp-content\/uploads\/2022\/08\/hipparcos.webp 300w\" sizes=\"(max-width: 228px) 100vw, 228px\" title=\"mapas estelares en formato digital\">\t\t\t\t\t\t\t\t\t\t\t\t\t\t\t<\/div>\n\t\t\t\t<\/div>\n\t\t\t\t\t<\/div>\n\t\t<\/div>\n\t\t\t\t<div class=\"elementor-column elementor-col-50 elementor-top-column elementor-element elementor-element-7182857\" data-id=\"7182857\" data-element_type=\"column\" data-e-type=\"column\">\n\t\t\t<div class=\"elementor-widget-wrap elementor-element-populated\">\n\t\t\t\t\t\t<div class=\"elementor-element elementor-element-bb69d07 elementor-widget elementor-widget-text-editor\" data-id=\"bb69d07\" data-element_type=\"widget\" data-e-type=\"widget\" data-widget_type=\"text-editor.default\">\n\t\t\t\t<div class=\"elementor-widget-container\">\n\t\t\t\t\t\t\t\t\t<h1>Quais dados s\u00e3o usados para criar o mapa estelar?<\/h1><p><span style=\"color: #ffffff;\">Hipparcos foi um sat\u00e9lite lan\u00e7ado pela ESA (Ag\u00eancia Espacial Europeia) em 1989 e que permaneceu ativo at\u00e9 1993, coletando informa\u00e7\u00f5es de mais de 2,5 milh\u00f5es de estrelas. <\/span><\/p><p><span style=\"color: #ffffff;\">Os resultados desse trabalho foram publicados em um cat\u00e1logo chamado Tycho-1, que foi lan\u00e7ado em 1997 e \u00e9 de dom\u00ednio p\u00fablico.<\/span><\/p><p><span style=\"color: #ffffff;\">Este cat\u00e1logo \u00e9 considerado um dos mais precisos e cont\u00e9m uma grande quantidade de informa\u00e7\u00f5es astrom\u00e9tricas que nos permitem projetar o alinhamento das estrelas com uma precis\u00e3o surpreendente<\/span>.<\/p><p><span style=\"color: #ffffff;\">Se voc\u00ea deseja informa\u00e7\u00f5es detalhadas sobre o cat\u00e1logo Tycho-1 e o sat\u00e9lite Hipparcos, por favor d\u00ea uma olhada no site dedicado \u00e0 miss\u00e3o (em ingl\u00eas), seguindo este <a style=\"color: #ffffff;\" href=\"https:\/\/www.cosmos.esa.int\/web\/hipparcos\" target=\"_blank\" rel=\"nofollow noopener\">link<\/a>.<\/span><\/p><p><span style=\"color: #ffffff;\">O Pulso Astral possui um software gerador de mapas estelares que utiliza este cat\u00e1logo para determinar a posi\u00e7\u00e3o das estrelas em uma data espec\u00edfica e vistas de qualquer ponto do planeta Terra. Isso nos permite oferecer a voc\u00ea um produto astronomicamente exato e que voc\u00ea mesmo pode criar com apenas alguns cliques.<br \/><\/span><\/p><p><span style=\"color: #ffffff;\">Enfim, um presente perfeito que usa tecnologia avan\u00e7ada para surpreender um ente querido.<br \/><\/span><\/p>\t\t\t\t\t\t\t\t<\/div>\n\t\t\t\t<\/div>\n\t\t\t\t<div class=\"elementor-element elementor-element-2ec78cd elementor-align-center elementor-widget elementor-widget-button\" data-id=\"2ec78cd\" data-element_type=\"widget\" data-e-type=\"widget\" data-widget_type=\"button.default\">\n\t\t\t\t<div class=\"elementor-widget-container\">\n\t\t\t\t\t\t\t\t\t<div class=\"elementor-button-wrapper\">\n\t\t\t\t\t<a class=\"elementor-button elementor-button-link elementor-size-sm\" href=\"https:\/\/pulsoastral.com\/pt\/editor\">\n\t\t\t\t\t\t<span class=\"elementor-button-content-wrapper\">\n\t\t\t\t\t\t<span class=\"elementor-button-icon\">\n\t\t\t\t<svg aria-hidden=\"true\" class=\"e-font-icon-svg e-fas-moon\" viewBox=\"0 0 512 512\" xmlns=\"http:\/\/www.w3.org\/2000\/svg\"><path d=\"M283.211 512c78.962 0 151.079-35.925 198.857-94.792 7.068-8.708-.639-21.43-11.562-19.35-124.203 23.654-238.262-71.576-238.262-196.954 0-72.222 38.662-138.635 101.498-174.394 9.686-5.512 7.25-20.197-3.756-22.23A258.156 258.156 0 0 0 283.211 0c-141.309 0-256 114.511-256 256 0 141.309 114.511 256 256 256z\"><\/path><\/svg>\t\t\t<\/span>\n\t\t\t\t\t\t\t\t\t<span class=\"elementor-button-text\">Crie seu mapa das estrelas<\/span>\n\t\t\t\t\t<\/span>\n\t\t\t\t\t<\/a>\n\t\t\t\t<\/div>\n\t\t\t\t\t\t\t\t<\/div>\n\t\t\t\t<\/div>\n\t\t\t\t\t<\/div>\n\t\t<\/div>\n\t\t\t\t\t<\/div>\n\t\t<\/section>\n\t\t\t\t<\/div>\n\t\t","protected":false},"excerpt":{"rendered":"<p>Quais dados s\u00e3o usados para criar o mapa estelar? Hipparcos foi um sat\u00e9lite lan\u00e7ado pela ESA (Ag\u00eancia Espacial Europeia) em 1989 e que permaneceu ativo at\u00e9 1993, coletando informa\u00e7\u00f5es de mais de 2,5 milh\u00f5es de estrelas. Os resultados desse trabalho foram publicados em um cat\u00e1logo chamado Tycho-1, que foi lan\u00e7ado em 1997 e \u00e9 de [&hellip;]<\/p>\n","protected":false},"author":1,"featured_media":0,"parent":0,"menu_order":0,"comment_status":"closed","ping_status":"closed","template":"elementor_header_footer","meta":{"site-sidebar-layout":"default","site-content-layout":"","ast-site-content-layout":"default","site-content-style":"default","site-sidebar-style":"default","ast-global-header-display":"","ast-banner-title-visibility":"","ast-main-header-display":"","ast-hfb-above-header-display":"","ast-hfb-below-header-display":"","ast-hfb-mobile-header-display":"","site-post-title":"disabled","ast-breadcrumbs-content":"","ast-featured-img":"","footer-sml-layout":"","ast-disable-related-posts":"","theme-transparent-header-meta":"","adv-header-id-meta":"","stick-header-meta":"","header-above-stick-meta":"","header-main-stick-meta":"","header-below-stick-meta":"","astra-migrate-meta-layouts":"set","ast-page-background-enabled":"default","ast-page-background-meta":{"desktop":{"background-color":"","background-image":"","background-repeat":"repeat","background-position":"center center","background-size":"auto","background-attachment":"scroll","background-type":"","background-media":"","overlay-type":"","overlay-color":"","overlay-opacity":"","overlay-gradient":""},"tablet":{"background-color":"","background-image":"","background-repeat":"repeat","background-position":"center center","background-size":"auto","background-attachment":"scroll","background-type":"","background-media":"","overlay-type":"","overlay-color":"","overlay-opacity":"","overlay-gradient":""},"mobile":{"background-color":"","background-image":"","background-repeat":"repeat","background-position":"center center","background-size":"auto","background-attachment":"scroll","background-type":"","background-media":"","overlay-type":"","overlay-color":"","overlay-opacity":"","overlay-gradient":""}},"ast-content-background-meta":{"desktop":{"background-color":"var(--ast-global-color-5)","background-image":"","background-repeat":"repeat","background-position":"center center","background-size":"auto","background-attachment":"scroll","background-type":"","background-media":"","overlay-type":"","overlay-color":"","overlay-opacity":"","overlay-gradient":""},"tablet":{"background-color":"var(--ast-global-color-5)","background-image":"","background-repeat":"repeat","background-position":"center center","background-size":"auto","background-attachment":"scroll","background-type":"","background-media":"","overlay-type":"","overlay-color":"","overlay-opacity":"","overlay-gradient":""},"mobile":{"background-color":"var(--ast-global-color-5)","background-image":"","background-repeat":"repeat","background-position":"center center","background-size":"auto","background-attachment":"scroll","background-type":"","background-media":"","overlay-type":"","overlay-color":"","overlay-opacity":"","overlay-gradient":""}},"footnotes":""},"class_list":["post-1823","page","type-page","status-publish","hentry"],"_links":{"self":[{"href":"https:\/\/pulsoastral.com\/pt\/wp-json\/wp\/v2\/pages\/1823","targetHints":{"allow":["GET"]}}],"collection":[{"href":"https:\/\/pulsoastral.com\/pt\/wp-json\/wp\/v2\/pages"}],"about":[{"href":"https:\/\/pulsoastral.com\/pt\/wp-json\/wp\/v2\/types\/page"}],"author":[{"embeddable":true,"href":"https:\/\/pulsoastral.com\/pt\/wp-json\/wp\/v2\/users\/1"}],"replies":[{"embeddable":true,"href":"https:\/\/pulsoastral.com\/pt\/wp-json\/wp\/v2\/comments?post=1823"}],"version-history":[{"count":10,"href":"https:\/\/pulsoastral.com\/pt\/wp-json\/wp\/v2\/pages\/1823\/revisions"}],"predecessor-version":[{"id":20644,"href":"https:\/\/pulsoastral.com\/pt\/wp-json\/wp\/v2\/pages\/1823\/revisions\/20644"}],"wp:attachment":[{"href":"https:\/\/pulsoastral.com\/pt\/wp-json\/wp\/v2\/media?parent=1823"}],"curies":[{"name":"wp","href":"https:\/\/api.w.org\/{rel}","templated":true}]}}